{"id":613,"date":"2020-06-25T11:35:55","date_gmt":"2020-06-25T11:35:55","guid":{"rendered":"https:\/\/minhkhang.123websitedev.com?page_id=613"},"modified":"2025-06-19T10:23:07","modified_gmt":"2025-06-19T10:23:07","slug":"packaging-factories","status":"publish","type":"page","link":"https:\/\/mkpack.vn\/vi\/packaging-factories\/","title":{"rendered":"NH\u00c0 M\u00c1Y BAO B\u00cc"},"content":{"rendered":"<div data-elementor-type=\"wp-page\" data-elementor-id=\"613\" class=\"elementor elementor-613\">\n\t\t\t\t\t\t\t\t\t<section class=\"elementor-section elementor-top-section elementor-element elementor-element-34d777c elementor-section-stretched elementor-section-full_width elementor-section-height-default elementor-section-height-default\" data-id=\"34d777c\" data-element_type=\"section\" data-settings=\"{&quot;stretch_section&quot;:&quot;section-stretched&quot;}\">\n\t\t\t\t\t\t<div class=\"elementor-container elementor-column-gap-default\">\n\t\t\t\t\t<div class=\"elementor-column elementor-col-100 elementor-top-column elementor-element elementor-element-bca6e53\" data-id=\"bca6e53\" data-element_type=\"column\">\n\t\t\t<div class=\"elementor-widget-wrap elementor-element-populated\">\n\t\t\t\t\t\t\t\t<div class=\"elementor-element elementor-element-751e073 title-service elementor-widget elementor-widget-fionca_service\" data-id=\"751e073\" data-element_type=\"widget\" data-widget_type=\"fionca_service.default\">\n\t\t\t\t<div class=\"elementor-widget-container\">\n\t\t\t\t\t<!-- service-section -->\n\t\t\t\t\t<section class=\"service-section\">\n\t\t\t\t<div class=\"auto-container\">\n\t\t\t\t\t<div class=\"title-box\">\n\t\t\t\t\t\t<div class=\"row clearfix\">\n\t\t\t\t\t\t\t<div class=\"col-lg-6 col-md-12 col-sm-12 title-column\">\n\t\t\t\t\t\t\t\t<div class=\"sec-title right\">\n\t\t\t\t\t\t\t\t\t<h5>nh\u00e0 m\u00e1y<\/h5>\n\t\t\t\t\t\t\t\t\t<h2 class=\"heading\">NH\u00c0 M\u00c1Y<\/h2>\n\t\t\t\t\t\t\t\t<\/div>\n\t\t\t\t\t\t\t<\/div>\n\t\t\t\t\t\t\t<div class=\"col-lg-6 col-md-12 col-sm-12 text-column\">\n\t\t\t\t\t\t\t\t<div class=\"text\">\n\t\t\t\t\t\t\t\t\t<p>MK PACK \u0111\u00e3 c\u00f3 10 n\u0103m kinh nghi\u1ec7m trong vi\u1ec7c s\u1ea3n xu\u1ea5t v\u00e0 cung c\u1ea5p bao b\u00ec cho ng\u00e0nh m\u1ef9 ph\u1ea9m, th\u1ef1c ph\u1ea9m v\u00e0 \u0111\u1ed3 gia d\u1ee5ng.<\/p>\n\t\t\t\t\t\t\t\t<\/div>\n\t\t\t\t\t\t\t<\/div>\n\t\t\t\t\t\t<\/div>\n\t\t\t\t\t<\/div>\n\t\t\t\t\t<div class=\"inner-content\">\n\t\t\t\t\t\t<div class=\"row clearfix\">\n\t\t\t\t\t\t\t\t\t\t\t\t\t\t\t<div class=\"col-lg-12 col-md-6 col-sm-12 service-block\">\n\t\t\t\t\t\t\t\t\t<div class=\"service-block-one wow  animated animated\" data-wow-delay=\"0ms\" data-wow-duration=\"1500ms\">\n\t\t\t\t\t\t\t\t\t\t<div class=\"inner-box\">\n\t\t\t\t\t\t\t\t\t\t\t<h4><a href=\"https:\/\/demo.mkpack.vn\/ervices\/taxation-planning\/\"  target=\"_blank\"  rel=\"nofollow\">C\u1ea3i c\u00e1ch thu\u1ebf doanh nghi\u1ec7p<\/a><\/h4>\n\t\t\t\t\t\t\t\t\t\t\t<div class=\"inner\">\n\t\t\t\t\t\t\t\t\t\t\t\t<div class=\"icon-box\"><i aria-hidden=\"true\" class=\"flaticon-search\"><\/i><\/div>\n\t\t\t\t\t\t\t\t\t\t\t\t<p class=\"text-desc\">Ch\u1ea5p nh\u1eadn sintas haecat sed non dui proident sunt culpa sed ipsum tempor.<\/p>\n<!--\t\t\t\t\t\t\t\t\t\t\t\t<a href=\"https:\/\/demo.mkpack.vn\/ervices\/taxation-planning\/\"  target=\"_blank\"  rel=\"nofollow\"><i class=\"fas fa-arrow-right\"><\/i><span>Read More<\/span><\/a>-->\n\t\t\t\t\t\t\t\t\t\t\t<\/div>\n\t\t\t\t\t\t\t\t\t\t<\/div>\n\t\t\t\t\t\t\t\t\t<\/div>\n\t\t\t\t\t\t\t\t<\/div>\n\t\t\t\t\t\t\t\t\t\t\t\t\t<\/div>\n\t\t\t\t\t<\/div>\n\t\t\t\t<\/div>\n\t\t\t<\/section>\n\t\t\t<!-- service-section end -->\n\t\t\t\t<!-- service-style-five end -->\n\t\t\t\t<\/div>\n\t\t\t\t<\/div>\n\t\t\t\t\t<\/div>\n\t\t<\/div>\n\t\t\t\t\t\t\t<\/div>\n\t\t<\/section>\n\t\t\t\t<section class=\"elementor-section elementor-top-section elementor-element elementor-element-76cd08a elementor-section-stretched elementor-section-full_width elementor-section-height-default elementor-section-height-default\" data-id=\"76cd08a\" data-element_type=\"section\" data-settings=\"{&quot;stretch_section&quot;:&quot;section-stretched&quot;}\">\n\t\t\t\t\t\t<div class=\"elementor-container elementor-column-gap-default\">\n\t\t\t\t\t<div class=\"elementor-column elementor-col-100 elementor-top-column elementor-element elementor-element-06d67e2\" data-id=\"06d67e2\" data-element_type=\"column\">\n\t\t\t<div class=\"elementor-widget-wrap elementor-element-populated\">\n\t\t\t\t\t\t\t\t<div class=\"elementor-element elementor-element-ac9317d elementor-arrows-position-outside elementor-pagination-position-outside elementor-widget elementor-widget-image-carousel\" data-id=\"ac9317d\" data-element_type=\"widget\" data-settings=\"{&quot;slides_to_show&quot;:&quot;3&quot;,&quot;autoplay_speed&quot;:2000,&quot;slides_to_show_tablet&quot;:&quot;2&quot;,&quot;slides_to_show_mobile&quot;:&quot;1&quot;,&quot;navigation&quot;:&quot;both&quot;,&quot;autoplay&quot;:&quot;yes&quot;,&quot;pause_on_hover&quot;:&quot;yes&quot;,&quot;pause_on_interaction&quot;:&quot;yes&quot;,&quot;infinite&quot;:&quot;yes&quot;,&quot;speed&quot;:500}\" data-widget_type=\"image-carousel.default\">\n\t\t\t\t<div class=\"elementor-widget-container\">\n\t\t\t<style>\/*! elementor - v3.15.0 - 02-08-2023 *\/\n.elementor-widget-image-carousel .swiper,.elementor-widget-image-carousel .swiper-container{position:static}.elementor-widget-image-carousel .swiper-container .swiper-slide figure,.elementor-widget-image-carousel .swiper .swiper-slide figure{line-height:inherit}.elementor-widget-image-carousel .swiper-slide{text-align:center}.elementor-image-carousel-wrapper:not(.swiper-container-initialized):not(.swiper-initialized) .swiper-slide{max-width:calc(100% \/ var(--e-image-carousel-slides-to-show, 3))}<\/style>\t\t<div class=\"elementor-image-carousel-wrapper swiper\" dir=\"ltr\">\n\t\t\t<div class=\"elementor-image-carousel swiper-wrapper\" aria-live=\"off\">\n\t\t\t\t\t\t\t\t<div class=\"swiper-slide\" role=\"group\" aria-roledescription=\"slide\" aria-label=\"1 tr\u00ean 2\"><figure class=\"swiper-slide-inner\"><img decoding=\"async\" class=\"swiper-slide-image\" src=\"https:\/\/mkpack.vn\/wp-content\/uploads\/2025\/06\/NHA-MAY.jpg\" alt=\"NHA MAY\" \/><\/figure><\/div><div class=\"swiper-slide\" role=\"group\" aria-roledescription=\"slide\" aria-label=\"2 tr\u00ean 2\"><figure class=\"swiper-slide-inner\"><img decoding=\"async\" class=\"swiper-slide-image\" src=\"https:\/\/mkpack.vn\/wp-content\/uploads\/2025\/06\/NHA-MAY-700x400-1.jpg\" alt=\"NHA MAY 700x400\" \/><\/figure><\/div>\t\t\t<\/div>\n\t\t\t\t\t\t\t\t\t\t\t\t<div class=\"elementor-swiper-button elementor-swiper-button-prev\" role=\"button\" tabindex=\"0\">\n\t\t\t\t\t\t<i aria-hidden=\"true\" class=\"fas fa-caret-left\"><\/i>\t\t\t\t\t<\/div>\n\t\t\t\t\t<div class=\"elementor-swiper-button elementor-swiper-button-next\" role=\"button\" tabindex=\"0\">\n\t\t\t\t\t\t<i aria-hidden=\"true\" class=\"fas fa-caret-right\"><\/i>\t\t\t\t\t<\/div>\n\t\t\t\t\n\t\t\t\t\t\t\t\t\t<div class=\"swiper-pagination\"><\/div>\n\t\t\t\t\t\t\t\t\t<\/div>\n\t\t\t\t<\/div>\n\t\t\t\t<\/div>\n\t\t\t\t\t<\/div>\n\t\t<\/div>\n\t\t\t\t\t\t\t<\/div>\n\t\t<\/section>\n\t\t\t\t<section class=\"elementor-section elementor-top-section elementor-element elementor-element-1e9cb4a elementor-section-stretched elementor-section-full_width elementor-section-height-default elementor-section-height-default\" data-id=\"1e9cb4a\" data-element_type=\"section\" data-settings=\"{&quot;stretch_section&quot;:&quot;section-stretched&quot;}\">\n\t\t\t\t\t\t<div class=\"elementor-container elementor-column-gap-default\">\n\t\t\t\t\t<div class=\"elementor-column elementor-col-100 elementor-top-column elementor-element elementor-element-557b2a0\" data-id=\"557b2a0\" data-element_type=\"column\">\n\t\t\t<div class=\"elementor-widget-wrap elementor-element-populated\">\n\t\t\t\t\t\t\t\t<div class=\"elementor-element elementor-element-d335eb4 elementor-widget elementor-widget-fionca_title\" data-id=\"d335eb4\" data-element_type=\"widget\" data-widget_type=\"fionca_title.default\">\n\t\t\t\t<div class=\"elementor-widget-container\">\n\t\t\t\t\t<!-- service-section -->\n\t\t\t\t\t<section class=\"service-section\">\n\t\t\t\t<div class=\"auto-container\">\n\t\t\t\t\t<div class=\"title-box\">\n\t\t\t\t\t\t<div class=\"row clearfix\">\n\t\t\t\t\t\t\t<div class=\"col-lg-6 col-md-12 col-sm-12 title-column\">\n\t\t\t\t\t\t\t\t<div class=\"sec-title right\">\n\t\t\t\t\t\t\t\t\t<h5>MK PACK'S<\/h5>\n\t\t\t\t\t\t\t\t\t<h2 class=\"heading\">CH\u1ee8NG NH\u1eacN<\/h2>\n\t\t\t\t\t\t\t\t<\/div>\n\t\t\t\t\t\t\t<\/div>\n\t\t\t\t\t\t\t<div class=\"col-lg-6 col-md-12 col-sm-12 text-column\">\n\t\t\t\t\t\t\t\t<div class=\"text\">\n\t\t\t\t\t\t\t\t\t<p>C\u00f4ng ty MK PACK vinh d\u1ef1 \u0111\u01b0\u1ee3c c\u00f4ng nh\u1eadn v\u1edbi nhi\u1ec1u ch\u1ee9ng nh\u1eadn ch\u1ea5t l\u01b0\u1ee3ng s\u1ea3n ph\u1ea9m v\u00e0 h\u1ec7 th\u1ed1ng c\u00f3 gi\u00e1 tr\u1ecb tr\u00ean th\u1ecb tr\u01b0\u1eddng trong n\u01b0\u1edbc v\u00e0 qu\u1ed1c t\u1ebf<\/p>\n\t\t\t\t\t\t\t\t<\/div>\n\t\t\t\t\t\t\t<\/div>\n\t\t\t\t\t\t<\/div>\n\t\t\t\t\t<\/div>\n\t\t\t\t<\/div>\n\t\t\t<\/section>\n\t\t\t<!-- service-section end -->\n\t\t\t\t<!-- service-style-five end -->\n\t\t\t\t<\/div>\n\t\t\t\t<\/div>\n\t\t\t\t<div class=\"elementor-element elementor-element-83d40b1 box-clients elementor-widget elementor-widget-fionca_clients\" data-id=\"83d40b1\" data-element_type=\"widget\" data-widget_type=\"fionca_clients.default\">\n\t\t\t\t<div class=\"elementor-widget-container\">\n\t\t\t\t\t\t\t\t<section class=\"clients-section\">\n\t\t\t\t<div class=\"auto-container\">\n\t\t\t\t\t<div class=\"clients-carousel owl-carousel owl-theme owl-dots-none owl-nav-none\">\n\t\t\t\t\t\t\n\t\t\t\t\t\t\t<figure class=\"client-logo\"><a href=\"https:\/\/demo.mkpack.vn\/\"  target=\"_blank\"  rel=\"nofollow\"><img decoding=\"async\" src=\"https:\/\/mkpack.vn\/wp-content\/uploads\/2025\/06\/4.png\" title=\"4\" alt=\"4\" loading=\"lazy\" \/><\/a><\/figure>\n\t\t\t\t\t\t\n\t\t\t\t\t\t\t<figure class=\"client-logo\"><a href=\"https:\/\/demo.mkpack.vn\/\"  target=\"_blank\"  rel=\"nofollow\"><img decoding=\"async\" src=\"https:\/\/mkpack.vn\/wp-content\/uploads\/2025\/06\/3.png\" title=\"3\" alt=\"3\" loading=\"lazy\" \/><\/a><\/figure>\n\t\t\t\t\t\t\n\t\t\t\t\t\t\t<figure class=\"client-logo\"><a href=\"https:\/\/demo.mkpack.vn\/\"  target=\"_blank\"  rel=\"nofollow\"><img decoding=\"async\" src=\"https:\/\/mkpack.vn\/wp-content\/uploads\/2025\/06\/6.png\" title=\"6\" alt=\"6\" loading=\"lazy\" \/><\/a><\/figure>\n\t\t\t\t\t\t\n\t\t\t\t\t\t\t<figure class=\"client-logo\"><a href=\"https:\/\/demo.mkpack.vn\/\"  target=\"_blank\"  rel=\"nofollow\"><img decoding=\"async\" src=\"https:\/\/mkpack.vn\/wp-content\/uploads\/2025\/06\/5.png\" title=\"5\" alt=\"5\" loading=\"lazy\" \/><\/a><\/figure>\n\t\t\t\t\t\t\n\t\t\t\t\t\t\t<figure class=\"client-logo\"><a href=\"\"  target=\"_blank\"  rel=\"nofollow\"><img decoding=\"async\" src=\"https:\/\/mkpack.vn\/wp-content\/uploads\/2025\/06\/2-1.png\" title=\"2\" alt=\"2\" loading=\"lazy\" \/><\/a><\/figure>\n\t\t\t\t\t\t\n\t\t\t\t\t\t\t<figure class=\"client-logo\"><a href=\"\"  target=\"_blank\"  rel=\"nofollow\"><img decoding=\"async\" src=\"https:\/\/mkpack.vn\/wp-content\/uploads\/2025\/06\/1-1.png\" title=\"1\" alt=\"1\" loading=\"lazy\" \/><\/a><\/figure>\n\t\t\t\t\t\t\n\t\t\t\t\t<\/div>\n\t\t\t\t<\/div>\n\t\t\t<\/section>\n\t\t\t<!-- clients-section end -->\n\t\t\t\t\t\t<\/div>\n\t\t\t\t<\/div>\n\t\t\t\t\t<\/div>\n\t\t<\/div>\n\t\t\t\t\t\t\t<\/div>\n\t\t<\/section>\n\t\t\t\t\t\t\t<\/div>","protected":false},"excerpt":{"rendered":"<p>factory FACTORY MK PACK has manufactured and supplied the packaging in cosmetic, food and houseware for 10 years Business Tax <span>&#8230;<\/span><\/p>","protected":false},"author":1,"featured_media":1063,"parent":0,"menu_order":0,"comment_status":"closed","ping_status":"closed","template":"elementor_header_footer","meta":{"footnotes":""},"class_list":["post-613","page","type-page","status-publish","has-post-thumbnail","hentry"],"acf":[],"_links":{"self":[{"href":"https:\/\/mkpack.vn\/vi\/wp-json\/wp\/v2\/pages\/613","targetHints":{"allow":["GET"]}}],"collection":[{"href":"https:\/\/mkpack.vn\/vi\/wp-json\/wp\/v2\/pages"}],"about":[{"href":"https:\/\/mkpack.vn\/vi\/wp-json\/wp\/v2\/types\/page"}],"author":[{"embeddable":true,"href":"https:\/\/mkpack.vn\/vi\/wp-json\/wp\/v2\/users\/1"}],"replies":[{"embeddable":true,"href":"https:\/\/mkpack.vn\/vi\/wp-json\/wp\/v2\/comments?post=613"}],"version-history":[{"count":139,"href":"https:\/\/mkpack.vn\/vi\/wp-json\/wp\/v2\/pages\/613\/revisions"}],"predecessor-version":[{"id":70994,"href":"https:\/\/mkpack.vn\/vi\/wp-json\/wp\/v2\/pages\/613\/revisions\/70994"}],"wp:featuredmedia":[{"embeddable":true,"href":"https:\/\/mkpack.vn\/vi\/wp-json\/wp\/v2\/media\/1063"}],"wp:attachment":[{"href":"https:\/\/mkpack.vn\/vi\/wp-json\/wp\/v2\/media?parent=613"}],"curies":[{"name":"wp","href":"https:\/\/api.w.org\/{rel}","templated":true}]}}