{"id":68875,"date":"2024-04-01T02:22:13","date_gmt":"2024-04-01T02:22:13","guid":{"rendered":"https:\/\/demo.mkpack.vn\/?page_id=68875"},"modified":"2025-09-04T02:34:18","modified_gmt":"2025-09-04T02:34:18","slug":"oem-odm-2","status":"publish","type":"page","link":"https:\/\/mkpack.vn\/vi\/oem-odm-2\/","title":{"rendered":"OEM\/ ODM"},"content":{"rendered":"<div data-elementor-type=\"wp-page\" data-elementor-id=\"68875\" class=\"elementor elementor-68875\">\n\t\t\t\t\t\t\t<div class=\"elementor-element elementor-element-ef99cb3 e-con-full e-flex e-con\" data-id=\"ef99cb3\" data-element_type=\"container\" data-settings=\"{&quot;content_width&quot;:&quot;full&quot;,&quot;background_background&quot;:&quot;classic&quot;}\">\n\t\t\t\t<\/div>\n\t\t\t\t<section class=\"elementor-section elementor-top-section elementor-element elementor-element-7c9e8004 elementor-section-stretched elementor-section-full_width elementor-section-height-default elementor-section-height-default\" data-id=\"7c9e8004\" data-element_type=\"section\" data-settings=\"{&quot;stretch_section&quot;:&quot;section-stretched&quot;}\">\n\t\t\t\t\t\t<div class=\"elementor-container elementor-column-gap-default\">\n\t\t\t\t\t<div class=\"elementor-column elementor-col-100 elementor-top-column elementor-element elementor-element-2883b50e\" data-id=\"2883b50e\" data-element_type=\"column\">\n\t\t\t<div class=\"elementor-widget-wrap elementor-element-populated\">\n\t\t\t\t\t\t\t\t<div class=\"elementor-element elementor-element-201c6b0b desc-about elementor-widget elementor-widget-fionca_about\" data-id=\"201c6b0b\" data-element_type=\"widget\" data-widget_type=\"fionca_about.default\">\n\t\t\t\t<div class=\"elementor-widget-container\">\n\t\t\t\t\t<!-- about-section -->\n\t\t\t\t\t<section class=\"about-section bg-color-5\">\n\t\t\t\t<div class=\"auto-container\">\n\t\t\t\t\t<div class=\"row clearfix\">\n\t\t\t\t\t\t<div class=\"col-lg-6 col-md-12 col-sm-12 video-column\">\n\t\t\t\t\t\t\t<div class=\"video-inner\">\n\t\t\t\t\t\t\t\t\t\t\t\t\t\t\t\t<figure class=\"image-box\"><img decoding=\"async\" src=\"https:\/\/mkpack.vn\/wp-content\/uploads\/2025\/08\/681dd836-e05e-442d-9fd9-c6c85b391319.jpeg\" title=\"681dd836-e05e-442d-9fd9-c6c85b391319\" alt=\"681dd836-e05e-442d-9fd9-c6c85b391319\" loading=\"lazy\" \/><\/figure>\n\t\t\t\t\t\t\t\t\t\t\t\t\t\t\t<\/div>\n\t\t\t\t\t\t<\/div>\n\t\t\t\t\t\t<div class=\"col-lg-6 col-md-12 col-sm-12 content-column\">\n\t\t\t\t\t\t\t<div id=\"content_block_one\">\n\t\t\t\t\t\t\t\t<div class=\"content-box\">\n\t\t\t\t\t\t\t\t\t<div class=\"sec-title left\">\n\t\t\t\t\t\t\t\t\t\t<h5>MK Pack's<\/h5>\n\t\t\t\t\t\t\t\t\t\t<h2 class=\"heading\">D\u1ecaCH V\u1ee4 GIA C\u00d4NG THEO Y\u00caU C\u1ea6U<\/h2>\n\t\t\t\t\t\t\t\t\t<\/div>\n\t\t\t\t\t\t\t\t\t<div>\n\t\t\t\t\t\t\t\t\t\t<p><\/br>\n<\/br>\nMK PACK chuy\u00ean cung c\u1ea5p c\u00e1c gi\u1ea3i ph\u00e1p \u0111\u00f3ng g\u00f3i t\u00f9y ch\u1ec9nh cho ng\u00e0nh th\u1ef1c ph\u1ea9m, m\u1ef9 ph\u1ea9m v\u00e0 d\u01b0\u1ee3c ph\u1ea9m. V\u1edbi \u0111\u1ed9i ng\u0169 chuy\u00ean gia qu\u1ea3n l\u00fd ch\u1ea5t l\u01b0\u1ee3ng v\u00e0 nh\u00e0 x\u01b0\u1edfng hi\u1ec7n \u0111\u1ea1i \u0111\u1ea1t ti\u00eau chu\u1ea9n qu\u1ed1c t\u1ebf, ch\u00fang t\u00f4i c\u00f3 kh\u1ea3 n\u0103ng x\u1eed l\u00fd c\u00e1c \u0111\u01a1n h\u00e0ng l\u1edbn m\u1ed9t c\u00e1ch nhanh ch\u00f3ng v\u1edbi m\u1ee9c gi\u00e1 c\u1ea1nh tranh.\n<\/br>\n<\/br>\nS\u1ea3n ph\u1ea9m c\u1ee7a ch\u00fang t\u00f4i \u0111\u00e1p \u1ee9ng c\u00e1c ti\u00eau chu\u1ea9n kh\u1eaft khe \u0111\u1ec3 xu\u1ea5t kh\u1ea9u sang nh\u1eefng th\u1ecb tr\u01b0\u1eddng kh\u00f3 t\u00ednh nh\u01b0 Hoa K\u1ef3, EU v\u00e0 Nh\u1eadt B\u1ea3n. Ngo\u00e0i ra, ch\u00fang t\u00f4i c\u00f2n cung c\u1ea5p d\u1ecbch v\u1ee5 ODM (Nh\u00e0 s\u1ea3n xu\u1ea5t thi\u1ebft k\u1ebf g\u1ed1c) tr\u1ecdn g\u00f3i\u2014qu\u1ea3n l\u00fd m\u1ecdi kh\u00e2u t\u1eeb thi\u1ebft k\u1ebf \u0111\u1ebfn ho\u00e0n thi\u1ec7n s\u1ea3n ph\u1ea9m\u2014nh\u1eb1m \u0111\u1ea3m b\u1ea3o s\u1ef1 ti\u1ec7n l\u1ee3i v\u00e0 ch\u1ea5t l\u01b0\u1ee3ng \u0111\u00e3 \u0111\u01b0\u1ee3c cam k\u1ebft cho qu\u00fd kh\u00e1ch h\u00e0ng.\n<\/br>\n<\/br><\/p>\n\t\t\t\t\t\t\t\t\t<\/div>\n\t\t\t\t\t\t\t\t\t<div class=\"inner-box\">\n\t\t\t\t\t\t\t\t\t\t\t\t\t\t\t\t\t\t\t\t\t<div class=\"single-item\">\n\t\t\t\t\t\t\t\t\t\t\t\t<div class=\"icon-box\">\n\t\t\t\t\t\t\t\t\t\t\t\t\t<span class=\"bg-box\"><\/span>\n\t\t\t\t\t\t\t\t\t\t\t\t\t\t\t\t\t\t\t\t\t\t\t\t\t<\/div>\n\t\t\t\t\t\t\t\t\t\t\t\t<h4 class=\"headingtwo\"><\/h4>\n\t\t\t\t\t\t\t\t\t\t\t\t<p><\/p>\n\t\t\t\t\t\t\t\t\t\t\t<\/div>\n\t\t\t\t\t\t\t\t\t\t\t\t\t\t\t\t\t\t\t<\/div>\n\t\t\t\t\t\t\t\t<\/div>\n\t\t\t\t\t\t\t<\/div>\n\t\t\t\t\t\t<\/div>\n\t\t\t\t\t<\/div>\n\t\t\t\t<\/div>\n\t\t\t<\/section>\n\t\t\t<!-- about-section end -->\n\t\t\t\t\t<!-- about-style-four end -->\n\t\t\t\t<\/div>\n\t\t\t\t<\/div>\n\t\t\t\t\t<\/div>\n\t\t<\/div>\n\t\t\t\t\t\t\t<\/div>\n\t\t<\/section>\n\t\t\t\t<section class=\"elementor-section elementor-top-section elementor-element elementor-element-61fca43a elementor-section-stretched elementor-section-full_width elementor-section-height-default elementor-section-height-default\" data-id=\"61fca43a\" data-element_type=\"section\" data-settings=\"{&quot;stretch_section&quot;:&quot;section-stretched&quot;}\">\n\t\t\t\t\t\t<div class=\"elementor-container elementor-column-gap-default\">\n\t\t\t\t\t<div class=\"elementor-column elementor-col-100 elementor-top-column elementor-element elementor-element-42ddc28e\" data-id=\"42ddc28e\" data-element_type=\"column\">\n\t\t\t<div class=\"elementor-widget-wrap elementor-element-populated\">\n\t\t\t\t\t\t\t\t<div class=\"elementor-element elementor-element-7debe523 box-certificates elementor-widget elementor-widget-fionca_title\" data-id=\"7debe523\" data-element_type=\"widget\" data-widget_type=\"fionca_title.default\">\n\t\t\t\t<div class=\"elementor-widget-container\">\n\t\t\t\t\t<!-- service-section -->\n\t\t\t\t\t<section class=\"service-section\">\n\t\t\t\t<div class=\"auto-container\">\n\t\t\t\t\t<div class=\"title-box\">\n\t\t\t\t\t\t<div class=\"row clearfix\">\n\t\t\t\t\t\t\t<div class=\"col-lg-6 col-md-12 col-sm-12 title-column\">\n\t\t\t\t\t\t\t\t<div class=\"sec-title right\">\n\t\t\t\t\t\t\t\t\t<h5>D\u1ecbch v\u1ee5<\/h5>\n\t\t\t\t\t\t\t\t\t<h2 class=\"heading\">Quy Tr\u00ecnh OEM\/ ODM<\/h2>\n\t\t\t\t\t\t\t\t<\/div>\n\t\t\t\t\t\t\t<\/div>\n\t\t\t\t\t\t\t<div class=\"col-lg-6 col-md-12 col-sm-12 text-column\">\n\t\t\t\t\t\t\t\t<div class=\"text\">\n\t\t\t\t\t\t\t\t\t<p><\/p>\n\t\t\t\t\t\t\t\t<\/div>\n\t\t\t\t\t\t\t<\/div>\n\t\t\t\t\t\t<\/div>\n\t\t\t\t\t<\/div>\n\t\t\t\t<\/div>\n\t\t\t<\/section>\n\t\t\t<!-- service-section end -->\n\t\t\t\t<!-- service-style-five end -->\n\t\t\t\t<\/div>\n\t\t\t\t<\/div>\n\t\t\t\t<div class=\"elementor-element elementor-element-dde793c elementor-widget elementor-widget-image\" data-id=\"dde793c\" data-element_type=\"widget\" data-widget_type=\"image.default\">\n\t\t\t\t<div class=\"elementor-widget-container\">\n\t\t\t<style>\/*! elementor - v3.15.0 - 02-08-2023 *\/\n.elementor-widget-image{text-align:center}.elementor-widget-image a{display:inline-block}.elementor-widget-image a img[src$=\".svg\"]{width:48px}.elementor-widget-image img{vertical-align:middle;display:inline-block}<\/style>\t\t\t\t\t\t\t\t\t\t\t\t<img loading=\"lazy\" decoding=\"async\" width=\"1536\" height=\"669\" src=\"https:\/\/mkpack.vn\/wp-content\/uploads\/2025\/06\/quy-trinh-OEM-MK-1-1536x669.png\" class=\"attachment-1536x1536 size-1536x1536 wp-image-71047\" alt=\"\" srcset=\"https:\/\/mkpack.vn\/wp-content\/uploads\/2025\/06\/quy-trinh-OEM-MK-1-1536x669.png 1536w, https:\/\/mkpack.vn\/wp-content\/uploads\/2025\/06\/quy-trinh-OEM-MK-1-300x131.png 300w, https:\/\/mkpack.vn\/wp-content\/uploads\/2025\/06\/quy-trinh-OEM-MK-1-1024x446.png 1024w, https:\/\/mkpack.vn\/wp-content\/uploads\/2025\/06\/quy-trinh-OEM-MK-1-768x334.png 768w, https:\/\/mkpack.vn\/wp-content\/uploads\/2025\/06\/quy-trinh-OEM-MK-1-18x8.png 18w, https:\/\/mkpack.vn\/wp-content\/uploads\/2025\/06\/quy-trinh-OEM-MK-1-600x261.png 600w, https:\/\/mkpack.vn\/wp-content\/uploads\/2025\/06\/quy-trinh-OEM-MK-1.png 1920w\" sizes=\"auto, (max-width: 1536px) 100vw, 1536px\" \/>\t\t\t\t\t\t\t\t\t\t\t\t\t\t\t<\/div>\n\t\t\t\t<\/div>\n\t\t\t\t\t<\/div>\n\t\t<\/div>\n\t\t\t\t\t\t\t<\/div>\n\t\t<\/section>\n\t\t\t\t<section class=\"elementor-section elementor-top-section elementor-element elementor-element-c8e4898 elementor-section-stretched elementor-section-full_width elementor-section-height-default elementor-section-height-default\" data-id=\"c8e4898\" data-element_type=\"section\" data-settings=\"{&quot;stretch_section&quot;:&quot;section-stretched&quot;}\">\n\t\t\t\t\t\t<div class=\"elementor-container elementor-column-gap-default\">\n\t\t\t\t\t<div class=\"elementor-column elementor-col-100 elementor-top-column elementor-element elementor-element-88210f7\" data-id=\"88210f7\" data-element_type=\"column\">\n\t\t\t<div class=\"elementor-widget-wrap elementor-element-populated\">\n\t\t\t\t\t\t\t\t<div class=\"elementor-element elementor-element-dc69cb3 box-certificates elementor-widget elementor-widget-fionca_title\" data-id=\"dc69cb3\" data-element_type=\"widget\" data-widget_type=\"fionca_title.default\">\n\t\t\t\t<div class=\"elementor-widget-container\">\n\t\t\t\t\t<!-- service-section -->\n\t\t\t\t\t<section class=\"service-section\">\n\t\t\t\t<div class=\"auto-container\">\n\t\t\t\t\t<div class=\"title-box\">\n\t\t\t\t\t\t<div class=\"row clearfix\">\n\t\t\t\t\t\t\t<div class=\"col-lg-6 col-md-12 col-sm-12 title-column\">\n\t\t\t\t\t\t\t\t<div class=\"sec-title right\">\n\t\t\t\t\t\t\t\t\t<h5>MK PACK'S<\/h5>\n\t\t\t\t\t\t\t\t\t<h2 class=\"heading\">CH\u1ee8NG NH\u1eacN<\/h2>\n\t\t\t\t\t\t\t\t<\/div>\n\t\t\t\t\t\t\t<\/div>\n\t\t\t\t\t\t\t<div class=\"col-lg-6 col-md-12 col-sm-12 text-column\">\n\t\t\t\t\t\t\t\t<div class=\"text\">\n\t\t\t\t\t\t\t\t\t<p>C\u00e1c nh\u00e0 s\u1ea3n xu\u1ea5t c\u1ee7a ch\u00fang t\u00f4i t\u1ef1 h\u00e0o \u0111\u00e3 nh\u1eadn \u0111\u01b0\u1ee3c m\u1ed9t s\u1ed1 ch\u1ee9ng ch\u1ec9 h\u1ec7 th\u1ed1ng v\u00e0 s\u1ea3n ph\u1ea9m trong n\u01b0\u1edbc v\u00e0 qu\u1ed1c t\u1ebf.<\/p>\n\t\t\t\t\t\t\t\t<\/div>\n\t\t\t\t\t\t\t<\/div>\n\t\t\t\t\t\t<\/div>\n\t\t\t\t\t<\/div>\n\t\t\t\t<\/div>\n\t\t\t<\/section>\n\t\t\t<!-- service-section end -->\n\t\t\t\t<!-- service-style-five end -->\n\t\t\t\t<\/div>\n\t\t\t\t<\/div>\n\t\t\t\t<div class=\"elementor-element elementor-element-264da2e box-clients elementor-widget elementor-widget-fionca_clients\" data-id=\"264da2e\" data-element_type=\"widget\" data-widget_type=\"fionca_clients.default\">\n\t\t\t\t<div class=\"elementor-widget-container\">\n\t\t\t\t\t\t\t\t<section class=\"clients-section\">\n\t\t\t\t<div class=\"auto-container\">\n\t\t\t\t\t<div class=\"clients-carousel owl-carousel owl-theme owl-dots-none owl-nav-none\">\n\t\t\t\t\t\t\n\t\t\t\t\t\t\t<figure class=\"client-logo\"><a href=\"https:\/\/demo.mkpack.vn\/\"  target=\"_blank\"  rel=\"nofollow\"><img decoding=\"async\" src=\"https:\/\/mkpack.vn\/wp-content\/uploads\/2025\/06\/MK-ISO-22000.png\" title=\"MK &#8211; ISO 22000\" alt=\"MK - ISO 22000\" loading=\"lazy\" \/><\/a><\/figure>\n\t\t\t\t\t\t\n\t\t\t\t\t\t\t<figure class=\"client-logo\"><a href=\"https:\/\/demo.mkpack.vn\/\"  target=\"_blank\"  rel=\"nofollow\"><img decoding=\"async\" src=\"https:\/\/mkpack.vn\/wp-content\/uploads\/2025\/06\/MK-ISO-9001.png\" title=\"MK &#8211; ISO 9001\" alt=\"MK - ISO 9001\" loading=\"lazy\" \/><\/a><\/figure>\n\t\t\t\t\t\t\n\t\t\t\t\t\t\t<figure class=\"client-logo\"><a href=\"\"  target=\"_blank\"  rel=\"nofollow\"><img decoding=\"async\" src=\"https:\/\/mkpack.vn\/wp-content\/uploads\/2025\/06\/MK-HIEP-HOI.png\" title=\"MK &#8211; HIEP HOI\" alt=\"MK - HIEP HOI\" loading=\"lazy\" \/><\/a><\/figure>\n\t\t\t\t\t\t\n\t\t\t\t\t\t\t<figure class=\"client-logo\"><a href=\"\"  target=\"_blank\"  rel=\"nofollow\"><img decoding=\"async\" src=\"https:\/\/mkpack.vn\/wp-content\/uploads\/2025\/06\/MK-VCCI.png\" title=\"MK &#8211; VCCI\" alt=\"MK - VCCI\" loading=\"lazy\" \/><\/a><\/figure>\n\t\t\t\t\t\t\n\t\t\t\t\t\t\t<figure class=\"client-logo\"><a href=\"\"  target=\"_blank\"  rel=\"nofollow\"><img decoding=\"async\" src=\"https:\/\/mkpack.vn\/wp-content\/uploads\/2025\/06\/MK-FOOD-CONTACT.png\" title=\"MK &#8211; FOOD CONTACT\" alt=\"MK - FOOD CONTACT\" loading=\"lazy\" \/><\/a><\/figure>\n\t\t\t\t\t\t\n\t\t\t\t\t\t\t<figure class=\"client-logo\"><a href=\"\"  target=\"_blank\"  rel=\"nofollow\"><img decoding=\"async\" src=\"https:\/\/mkpack.vn\/wp-content\/uploads\/2025\/06\/MK-BPA-FREE.png\" title=\"MK &#8211; BPA FREE\" alt=\"MK - BPA FREE\" loading=\"lazy\" \/><\/a><\/figure>\n\t\t\t\t\t\t\n\t\t\t\t\t<\/div>\n\t\t\t\t<\/div>\n\t\t\t<\/section>\n\t\t\t<!-- clients-section end -->\n\t\t\t\t\t\t<\/div>\n\t\t\t\t<\/div>\n\t\t\t\t\t<\/div>\n\t\t<\/div>\n\t\t\t\t\t\t\t<\/div>\n\t\t<\/section>\n\t\t\t\t<section class=\"elementor-section elementor-top-section elementor-element elementor-element-42d33c1a elementor-section-stretched elementor-section-full_width new-rifat-contact-option elementor-section-height-default elementor-section-height-default\" data-id=\"42d33c1a\" data-element_type=\"section\" data-settings=\"{&quot;stretch_section&quot;:&quot;section-stretched&quot;}\">\n\t\t\t\t\t\t<div class=\"elementor-container elementor-column-gap-default\">\n\t\t\t\t\t<div class=\"elementor-column elementor-col-100 elementor-top-column elementor-element elementor-element-2b45f964\" data-id=\"2b45f964\" data-element_type=\"column\">\n\t\t\t<div class=\"elementor-widget-wrap elementor-element-populated\">\n\t\t\t\t\t\t\t\t<div class=\"elementor-element elementor-element-415540a8 info-oem elementor-widget elementor-widget-fioonca_contact_info\" data-id=\"415540a8\" data-element_type=\"widget\" data-widget_type=\"fioonca_contact_info.default\">\n\t\t\t\t<div class=\"elementor-widget-container\">\n\t\t\t\t\t<!-- contact-information -->\n\t\t<section class=\"contact-information centred\">\n\t\t\t<div class=\"auto-container\">\n\t\t\t\t<div class=\"sec-title right\">\n\t\t\t\t\t<h5>LI\u00caN H\u1ec6 NGAY V\u1edaI CH\u00daNG T\u00d4I<\/h5>\n\t\t\t\t\t<h2 class=\"heading\">B\u1ea1n c\u1ea7n h\u1ed7 tr\u1ee3<br>Xin vui l\u00f2ng li\u00ean h\u1ec7 tr\u1ef1c ti\u1ebfp t\u1ea1i \u0111\u00e2y<\/h2>\n\t\t\t\t<\/div>\n\t\t\t\t<div class=\"row clearfix\">\n\t\t\t\t\t\t\t\t\t\t\t<div class=\"col-lg-4 col-md-6 col-sm-12 single-column\">\n\t\t\t\t\t\t\t<div class=\"single-item wow fadeInLeft\" data-wow-delay=\"0ms\" data-wow-duration=\"1500ms\">\n\t\t\t\t\t\t\t\t<div class=\"inner-box\">\n\t\t\t\t\t\t\t\t\t<div class=\"icon-box\"><svg xmlns=\"http:\/\/www.w3.org\/2000\/svg\" id=\"Layer_1\" viewbox=\"0 0 300 300\"><defs><style>      .st0 {        fill: none;        stroke: #faaf3a;        stroke-linecap: round;        stroke-linejoin: round;        stroke-width: 6px;      }      .st1 {        fill: #fff;        stroke: #fff;        stroke-miterlimit: 10;        stroke-width: 18px;      }    <\/style><\/defs><ellipse class=\"st0\" cx=\"150\" cy=\"233.06\" rx=\"68.4\" ry=\"26.94\"><\/ellipse><path class=\"st1\" d=\"M150,40c-43.88,0-79.45,35.57-79.45,79.45,0,23.44,10.21,44.44,26.36,58.98l53.09,50.98,53.09-50.98c16.15-14.54,26.36-35.54,26.36-58.98,0-43.88-35.57-79.45-79.45-79.45ZM150,152.21c-19.63,0-35.55-15.92-35.55-35.55s15.92-35.55,35.55-35.55,35.55,15.92,35.55,35.55-15.92,35.55-35.55,35.55Z\"><\/path><path class=\"st0\" d=\"M150,40c-43.88,0-79.45,35.57-79.45,79.45,0,23.44,10.21,44.44,26.36,58.98l53.09,50.98,53.09-50.98c16.15-14.54,26.36-35.54,26.36-58.98,0-43.88-35.57-79.45-79.45-79.45ZM150,152.21c-19.63,0-35.55-15.92-35.55-35.55s15.92-35.55,35.55-35.55,35.55,15.92,35.55,35.55-15.92,35.55-35.55,35.55Z\"><\/path><path class=\"st0\" d=\"M163.28,58.64c23.39,5.33,41.54,24.45,45.44,48.35\"><\/path><\/svg><\/div>\n\t\t\t\t\t\t\t\t\t<h3>\u0110\u1ecba ch\u1ec9<\/h3>\n\t\t\t\t\t\t\t\t\t<p><p class=\"text-center\"> 389A L\u00ea \u0110\u1ea1i H\u00e0nh, Ph\u01b0\u1eddng 11, Qu\u1eadn 11, Th\u00e0nh ph\u1ed1 H\u1ed3 Ch\u00ed Minh<\/p><\/p>\n\t\t\t\t\t\t\t\t<\/div>\n\t\t\t\t\t\t\t<\/div>\n\t\t\t\t\t\t<\/div> \t\t\t\t\t\t<div class=\"col-lg-4 col-md-6 col-sm-12 single-column\">\n\t\t\t\t\t\t\t<div class=\"single-item wow fadeInLeft\" data-wow-delay=\"0ms\" data-wow-duration=\"1500ms\">\n\t\t\t\t\t\t\t\t<div class=\"inner-box\">\n\t\t\t\t\t\t\t\t\t<div class=\"icon-box\"><svg xmlns=\"http:\/\/www.w3.org\/2000\/svg\" id=\"Layer_1\" viewbox=\"0 0 300 300\"><defs><style>      .st0 {        fill: none;        stroke: #faaf3a;        stroke-linecap: round;        stroke-linejoin: round;        stroke-width: 6px;      }    <\/style><\/defs><path class=\"st0\" d=\"M73.49,40h-16.88c-9.71,0-17.34,8.31-16.56,17.99,8.68,107.52,94.44,193.28,201.96,201.95,9.68.78,17.99-6.84,17.99-16.56v-16.88c-103,0-186.51-83.47-186.51-186.51h0Z\"><\/path><g><path class=\"st0\" d=\"M120.49,83.04c-2.56-8.28-4.41-16.88-5.46-25.72-1.17-9.84-9.36-17.32-19.26-17.32h-22.28c0,32.67,8.42,63.36,23.17,90.06l16.63-16.63c7.96-7.95,10.53-19.65,7.21-30.39h0Z\"><\/path><path class=\"st0\" d=\"M170.55,203.69c26.56,14.54,57.04,22.82,89.45,22.82v-22.28c0-9.92-7.5-18.1-17.35-19.27-8.61-1.03-16.99-2.8-25.08-5.26-10.72-3.26-22.36-.68-30.29,7.24l-16.74,16.74h.01Z\"><\/path><\/g><\/svg><\/div>\n\t\t\t\t\t\t\t\t\t<h3>\u0110i\u1ec7n tho\u1ea1i<\/h3>\n\t\t\t\t\t\t\t\t\t<p><p class=\"text-center\">H\u1ed7 tr\u1ee3 24\/7 <\/p>\n<p class=\"text-center\">Tel: <a href=\"tel:0938381631\">(+84) 938 381 631<\/a><\/p><\/p>\n\t\t\t\t\t\t\t\t<\/div>\n\t\t\t\t\t\t\t<\/div>\n\t\t\t\t\t\t<\/div> \t\t\t\t\t\t<div class=\"col-lg-4 col-md-6 col-sm-12 single-column\">\n\t\t\t\t\t\t\t<div class=\"single-item wow fadeInLeft\" data-wow-delay=\"0ms\" data-wow-duration=\"1500ms\">\n\t\t\t\t\t\t\t\t<div class=\"inner-box\">\n\t\t\t\t\t\t\t\t\t<div class=\"icon-box\"><svg xmlns=\"http:\/\/www.w3.org\/2000\/svg\" id=\"Layer_1\" viewbox=\"0 0 300 300\"><defs><style>      .st0 {        fill: none;        stroke: #faaf3a;        stroke-linecap: round;        stroke-linejoin: round;        stroke-width: 6px;      }    <\/style><\/defs><polygon class=\"st0\" points=\"248.76 134.32 248.76 260 208.3 220.71 186.17 199.16 208.3 176.21 248.76 134.32\"><\/polygon><polygon class=\"st0\" points=\"113.83 199.16 91.66 220.71 51.24 260 51.24 134.32 91.66 176.17 113.83 199.16\"><\/polygon><path class=\"st0\" d=\"M208.3,93.43v82.78l-22.13,22.95-26.05-25.28c-5.63-5.47-14.6-5.47-20.27,0l-26.01,25.28-22.17-22.99V63.03h86.58l30.05,30.4Z\"><\/path><polygon class=\"st0\" points=\"51.24 134.32 91.66 93.43 91.66 176.17 51.24 134.32\"><\/polygon><path class=\"st0\" d=\"M159.32,43.9l18.93,19.13h-56.53l18.93-19.13c5.14-5.2,13.54-5.2,18.68,0h0Z\"><\/path><polygon class=\"st0\" points=\"248.76 134.32 208.3 176.21 208.3 93.43 248.76 134.32\"><\/polygon><path class=\"st0\" d=\"M248.76,260H51.24l40.42-39.29,22.17-21.55,26.01-25.28c5.67-5.47,14.64-5.47,20.27,0l26.05,25.28,22.13,21.55,40.46,39.29h0Z\"><\/path><line class=\"st0\" x1=\"121.71\" y1=\"97.02\" x2=\"178.25\" y2=\"97.02\"><\/line><line class=\"st0\" x1=\"121.71\" y1=\"121.34\" x2=\"162.82\" y2=\"121.34\"><\/line><line class=\"st0\" x1=\"121.71\" y1=\"145.65\" x2=\"178.25\" y2=\"145.65\"><\/line><\/svg><\/div>\n\t\t\t\t\t\t\t\t\t<h3>E-mail<\/h3>\n\t\t\t\t\t\t\t\t\t<p><p class=\"text-center\"> \u0110\u1ecba ch\u1ec9 Email<\/p>\n<p class=\"text-center\"> <a href=\"mailto:support@demo.mkpack.vn\">support@mkpack.vn<\/a><br><\/p><\/p>\n\t\t\t\t\t\t\t\t<\/div>\n\t\t\t\t\t\t\t<\/div>\n\t\t\t\t\t\t<\/div> \n\t\t\t\t<\/div>\n\t\t\t<\/div>\n\t\t<\/section>\n\t\t<!-- contact-information end -->\n\t\t\t\t<\/div>\n\t\t\t\t<\/div>\n\t\t\t\t\t<\/div>\n\t\t<\/div>\n\t\t\t\t\t\t\t<\/div>\n\t\t<\/section>\n\t\t\t\t\t\t\t<\/div>","protected":false},"excerpt":{"rendered":"<p>MK Pack&#8217;s OEM\/ ODM SERVICES MK PACK provides custom packaging solutions for the food, cosmetic, and pharmaceutical industries. With an <span>&#8230;<\/span><\/p>","protected":false},"author":1,"featured_media":0,"parent":0,"menu_order":0,"comment_status":"closed","ping_status":"closed","template":"elementor_header_footer","meta":{"footnotes":""},"class_list":["post-68875","page","type-page","status-publish","hentry"],"acf":[],"_links":{"self":[{"href":"https:\/\/mkpack.vn\/vi\/wp-json\/wp\/v2\/pages\/68875","targetHints":{"allow":["GET"]}}],"collection":[{"href":"https:\/\/mkpack.vn\/vi\/wp-json\/wp\/v2\/pages"}],"about":[{"href":"https:\/\/mkpack.vn\/vi\/wp-json\/wp\/v2\/types\/page"}],"author":[{"embeddable":true,"href":"https:\/\/mkpack.vn\/vi\/wp-json\/wp\/v2\/users\/1"}],"replies":[{"embeddable":true,"href":"https:\/\/mkpack.vn\/vi\/wp-json\/wp\/v2\/comments?post=68875"}],"version-history":[{"count":61,"href":"https:\/\/mkpack.vn\/vi\/wp-json\/wp\/v2\/pages\/68875\/revisions"}],"predecessor-version":[{"id":71239,"href":"https:\/\/mkpack.vn\/vi\/wp-json\/wp\/v2\/pages\/68875\/revisions\/71239"}],"wp:attachment":[{"href":"https:\/\/mkpack.vn\/vi\/wp-json\/wp\/v2\/media?parent=68875"}],"curies":[{"name":"wp","href":"https:\/\/api.w.org\/{rel}","templated":true}]}}